{"id":64,"date":"2017-08-10T22:29:46","date_gmt":"2017-08-10T20:29:46","guid":{"rendered":"http:\/\/www.acidpool.at\/005_wordpress\/?page_id=64"},"modified":"2019-05-24T18:45:30","modified_gmt":"2019-05-24T16:45:30","slug":"ueber-mich","status":"publish","type":"page","link":"http:\/\/www.acidpool.at\/005_wordpress\/index.php\/ueber-mich\/","title":{"rendered":"About me"},"content":{"rendered":"<p><img loading=\"lazy\" decoding=\"async\" class=\"wp-image-122 alignright\" src=\"http:\/\/www.acidpool.at\/005_wordpress\/wp-content\/uploads\/2018\/11\/thats-also-me-300x300.jpg\" alt=\"\" width=\"300\" height=\"300\" \/>Hinter <strong>Acid Pool<\/strong> steckt der 1980 geborene Wiener Raffael P. der sich aktuell unter dem Pseudonym &#8222;<strong>Versakhan Irenis<\/strong>&#8220; in den Untiefen des Internets herumtreibt.\u00a0 Der im Digitaldruck t\u00e4tige gelernte Tischler verbringt den Gro\u00dfteil seiner Zeit damit sich zeichnerisch seiner geistigen Erg\u00fcsse zu entledigen.<\/p>\n<p>Erw\u00e4hnenswerte Abstecher in andere Bereiche w\u00e4ren die Riff\/Let&#8217;s Play-Videos der &#8222;<strong>Waldtier Productions<\/strong>&#8222;, die Metal-Mittelalter-Veranstaltungsreihe &#8222;<strong>The Curse of Avalon<\/strong>&#8220; sowie deren Nachfolgerevents unter dem Label &#8222;<strong>Wildschaden<\/strong>&#8222;.<\/p>\n<p>Pr\u00e4ferenzfreie Sammelstellen f\u00fcr diese und weitere Machwerke sind: <a href=\"http:\/\/versakhanirenis.deviantart.com\/\" target=\"_blank\" rel=\"noopener noreferrer\">DeviantArt<\/a>, <a href=\"https:\/\/www.instagram.com\/versakhanirenis\/\" target=\"_blank\" rel=\"noopener noreferrer\">Instagram<\/a>, <a href=\"https:\/\/www.youtube.com\/user\/VersakhanIrenis\" target=\"_blank\" rel=\"noopener noreferrer\">YouTube<\/a> und nat\u00fcrlich auch <a href=\"https:\/\/www.facebook.com\/versakhan.irenis\" target=\"_blank\" rel=\"noopener noreferrer\">Facebook<\/a>.<\/p>\n<hr \/>\n<p><img loading=\"lazy\" decoding=\"async\" class=\"size-medium wp-image-239 alignleft\" src=\"http:\/\/www.acidpool.at\/005_wordpress\/wp-content\/uploads\/2018\/11\/thats-me-e1543492929638-300x300.jpg\" alt=\"\" width=\"300\" height=\"300\" srcset=\"http:\/\/www.acidpool.at\/005_wordpress\/wp-content\/uploads\/2018\/11\/thats-me-e1543492929638-300x300.jpg 300w, http:\/\/www.acidpool.at\/005_wordpress\/wp-content\/uploads\/2018\/11\/thats-me-e1543492929638-150x150.jpg 150w, http:\/\/www.acidpool.at\/005_wordpress\/wp-content\/uploads\/2018\/11\/thats-me-e1543492929638-768x768.jpg 768w, http:\/\/www.acidpool.at\/005_wordpress\/wp-content\/uploads\/2018\/11\/thats-me-e1543492929638-1024x1024.jpg 1024w, http:\/\/www.acidpool.at\/005_wordpress\/wp-content\/uploads\/2018\/11\/thats-me-e1543492929638-100x100.jpg 100w, http:\/\/www.acidpool.at\/005_wordpress\/wp-content\/uploads\/2018\/11\/thats-me-e1543492929638.jpg 1080w\" sizes=\"auto, (max-width: 300px) 100vw, 300px\" \/>Behind <strong>Acid Pool<\/strong> stands the 1980 born Vienesse Raffael P. who&#8217;s currently using the Nickname &#8222;<strong>Versakhan Irenis<\/strong>&#8220; when he&#8217;s prowling through the depths of the Internet.\u00a0 Working in digital print business the trained joiner spends most of his time bringing his brainfarts graphically to paper.<\/p>\n<p>Noteworthy excursions into other realms would be the Riff\/Let&#8217;s Play-videos from &#8222;<strong>Waldtier Productions<\/strong>&#8222;, the metal-medieval event series &#8222;<strong>The Curse of Avalon<\/strong>&#8220; and their successor event series under the label &#8222;<strong>Wildschaden<\/strong>&#8222;.<\/p>\n<p>Listed without preference one can find these and other creations on <a href=\"http:\/\/versakhanirenis.deviantart.com\/\" target=\"_blank\" rel=\"noopener noreferrer\">DeviantArt<\/a>, <a href=\"https:\/\/www.instagram.com\/versakhanirenis\/\" target=\"_blank\" rel=\"noopener noreferrer\">Instagram<\/a>, <a href=\"https:\/\/www.youtube.com\/user\/VersakhanIrenis\" target=\"_blank\" rel=\"noopener noreferrer\">YouTube<\/a> and of course\u00a0 <a href=\"https:\/\/www.facebook.com\/versakhan.irenis\" target=\"_blank\" rel=\"noopener noreferrer\">Facebook<\/a>.<\/p>\n","protected":false},"excerpt":{"rendered":"<p>Hinter Acid Pool steckt der 1980 geborene Wiener Raffael P. der sich aktuell unter dem Pseudonym &#8222;Versakhan Irenis&#8220; in den Untiefen des Internets herumtreibt.\u00a0 Der im Digitaldruck t\u00e4tige gelernte Tischler verbringt den Gro\u00dfteil seiner Zeit damit sich zeichnerisch seiner geistigen Erg\u00fcsse zu entledigen. Erw\u00e4hnenswerte Abstecher in andere Bereiche w\u00e4ren die Riff\/Let&#8217;s Play-Videos der &#8222;Waldtier Productions&#8222;, &hellip; <\/p>\n<p class=\"link-more\"><a href=\"http:\/\/www.acidpool.at\/005_wordpress\/index.php\/ueber-mich\/\" class=\"more-link\"><span class=\"screen-reader-text\">\u201eAbout me\u201c <\/span>weiterlesen<\/a><\/p>\n","protected":false},"author":1,"featured_media":111,"parent":0,"menu_order":0,"comment_status":"closed","ping_status":"closed","template":"","meta":{"footnotes":""},"class_list":["post-64","page","type-page","status-publish","has-post-thumbnail","hentry"],"_links":{"self":[{"href":"http:\/\/www.acidpool.at\/005_wordpress\/index.php\/wp-json\/wp\/v2\/pages\/64","targetHints":{"allow":["GET"]}}],"collection":[{"href":"http:\/\/www.acidpool.at\/005_wordpress\/index.php\/wp-json\/wp\/v2\/pages"}],"about":[{"href":"http:\/\/www.acidpool.at\/005_wordpress\/index.php\/wp-json\/wp\/v2\/types\/page"}],"author":[{"embeddable":true,"href":"http:\/\/www.acidpool.at\/005_wordpress\/index.php\/wp-json\/wp\/v2\/users\/1"}],"replies":[{"embeddable":true,"href":"http:\/\/www.acidpool.at\/005_wordpress\/index.php\/wp-json\/wp\/v2\/comments?post=64"}],"version-history":[{"count":12,"href":"http:\/\/www.acidpool.at\/005_wordpress\/index.php\/wp-json\/wp\/v2\/pages\/64\/revisions"}],"predecessor-version":[{"id":1064,"href":"http:\/\/www.acidpool.at\/005_wordpress\/index.php\/wp-json\/wp\/v2\/pages\/64\/revisions\/1064"}],"wp:featuredmedia":[{"embeddable":true,"href":"http:\/\/www.acidpool.at\/005_wordpress\/index.php\/wp-json\/wp\/v2\/media\/111"}],"wp:attachment":[{"href":"http:\/\/www.acidpool.at\/005_wordpress\/index.php\/wp-json\/wp\/v2\/media?parent=64"}],"curies":[{"name":"wp","href":"https:\/\/api.w.org\/{rel}","templated":true}]}}