{"id":63,"date":"2017-08-10T22:29:46","date_gmt":"2017-08-10T20:29:46","guid":{"rendered":"http:\/\/www.acidpool.at\/005_wordpress\/?page_id=63"},"modified":"2023-11-10T10:13:48","modified_gmt":"2023-11-10T09:13:48","slug":"startseite","status":"publish","type":"page","link":"http:\/\/www.acidpool.at\/005_wordpress\/","title":{"rendered":"Information"},"content":{"rendered":"<p><img loading=\"lazy\" decoding=\"async\" class=\"alignleft wp-image-459 size-medium\" src=\"http:\/\/www.acidpool.at\/005_wordpress\/wp-content\/uploads\/2019\/05\/bored_pt12-300x300.jpg\" alt=\"\" width=\"300\" height=\"300\" srcset=\"http:\/\/www.acidpool.at\/005_wordpress\/wp-content\/uploads\/2019\/05\/bored_pt12-300x300.jpg 300w, http:\/\/www.acidpool.at\/005_wordpress\/wp-content\/uploads\/2019\/05\/bored_pt12-150x150.jpg 150w, http:\/\/www.acidpool.at\/005_wordpress\/wp-content\/uploads\/2019\/05\/bored_pt12-768x768.jpg 768w, http:\/\/www.acidpool.at\/005_wordpress\/wp-content\/uploads\/2019\/05\/bored_pt12-1024x1024.jpg 1024w, http:\/\/www.acidpool.at\/005_wordpress\/wp-content\/uploads\/2019\/05\/bored_pt12-100x100.jpg 100w, http:\/\/www.acidpool.at\/005_wordpress\/wp-content\/uploads\/2019\/05\/bored_pt12.jpg 1080w\" sizes=\"auto, (max-width: 300px) 100vw, 300px\" \/>Diese Seite ist eine Baustelle und diente eigentlich nur als Basis f\u00fcr mein als <a href=\"http:\/\/www.acidpool.at\/005_wordpress\/index.php\/blog\/\">Blog<\/a> getarntes Devdiary. Da aber die originale <a href=\"http:\/\/www.acidpool.at\/old_index.html\" target=\"_blank\" rel=\"noopener noreferrer\">Seite<\/a> ihren Zenit nun schon weit \u00fcberschritten hat zerre ich diese hier wider besseren Wissens doch ans Licht der \u00d6ffentlichkeit. (<em>Als ob&#8217;s tats\u00e4chlich jemanden interessieren w\u00fcrde&#8230;<\/em>)<\/p>\n<p>Meine Zeichnereien finden sich \u00f6ffentlicher zug\u00e4nglich auf <a href=\"https:\/\/www.facebook.com\/versakhan.irenis\" target=\"_blank\" rel=\"noopener noreferrer\">Facebook<\/a> &amp; <a href=\"https:\/\/www.instagram.com\/versakhanirenis\/\">Instagram<\/a>, sowie auf meiner alle 100 Jahre mal geupdateten <a href=\"http:\/\/versakhanirenis.deviantart.com\/\">DeviantArt<\/a>-Seite.<\/p>\n<p>Sobald ich es geschafft habe meine bisherigen Seiten (<em><a href=\"http:\/\/www.acidpool.at\/langweilig\/chronotrigger\/chronotrigger00.htm\" target=\"_blank\" rel=\"noopener noreferrer\">Reeh vs. Chrono Trigger<\/a>, <a href=\"http:\/\/www.acidpool.at\/003_ultima\/01_akalabeth\/akalabeth.html\">Ultima 0: Akalabeth (LP)<\/a>, <a href=\"http:\/\/www.acidpool.at\/003_ultima\/02_mtdrash\/mountdrash.html\" target=\"_blank\" rel=\"noopener noreferrer\">Ultima: Escape from Mount Drash (LP)<\/a>, etc&#8230;<\/em> ) in das WordPress-Layout zu importieren bzw. sinnvolle L\u00f6sungen daf\u00fcr zu finden sind fr\u00fcher oder sp\u00e4ter auch neue Inhalte (<em>z.B. \/me vs. Shadowrun Crossfire<\/em>) unvermeidbar.<\/p>\n<hr \/>\n<p style=\"text-align: center;\"><strong>Latest Updates:<\/strong><br \/><strong>[Donnerstag, 10. November 2023]<\/strong> <br \/>WordPressupdate &amp; Block-Anpassungen.<br \/>Begonnen Backups der im Blog verwendeten YouTube-Links zu erstellen.<br \/><strong>[Thursday 10. November 2023]<\/strong><br \/>Worpressupdate &amp; block-adjustments.<br \/>Started to backup the YouTube-links I&#8217;ve used in the blog.<\/p>\n<hr \/>\n<p><img loading=\"lazy\" decoding=\"async\" class=\"alignright wp-image-460 size-medium\" src=\"http:\/\/www.acidpool.at\/005_wordpress\/wp-content\/uploads\/2019\/05\/Screenshot_20190506-172338-01-300x300.jpeg\" alt=\"\" width=\"300\" height=\"300\" srcset=\"http:\/\/www.acidpool.at\/005_wordpress\/wp-content\/uploads\/2019\/05\/Screenshot_20190506-172338-01-300x300.jpeg 300w, http:\/\/www.acidpool.at\/005_wordpress\/wp-content\/uploads\/2019\/05\/Screenshot_20190506-172338-01-150x150.jpeg 150w, http:\/\/www.acidpool.at\/005_wordpress\/wp-content\/uploads\/2019\/05\/Screenshot_20190506-172338-01-768x768.jpeg 768w, http:\/\/www.acidpool.at\/005_wordpress\/wp-content\/uploads\/2019\/05\/Screenshot_20190506-172338-01-100x100.jpeg 100w, http:\/\/www.acidpool.at\/005_wordpress\/wp-content\/uploads\/2019\/05\/Screenshot_20190506-172338-01.jpeg 930w\" sizes=\"auto, (max-width: 300px) 100vw, 300px\" \/>This site is under construction and <span class=\"tlid-translation translation\" lang=\"en\"><span class=\"\" title=\"\">actually only served as the foundation for my <a href=\"http:\/\/www.acidpool.at\/005_wordpress\/index.php\/blog\/\" target=\"_blank\" rel=\"noopener noreferrer\">blog<\/a>-disguised Devdiary. But since the original <a href=\"http:\/\/www.acidpool.at\/old_index.html\" target=\"_blank\" rel=\"noopener noreferrer\">page<\/a> has already passed its zenith, I pulled it against one&#8217;s better judgment <var title=\"adverb\/adverbial\"><\/var>in the light of the public. (<em>As if someone would care for real &#8230;<\/em>) <\/span><\/span><\/p>\n<p><span class=\"tlid-translation translation\" lang=\"en\"><span class=\"\" title=\"\">My drawings are publicly available on <a href=\"https:\/\/www.facebook.com\/versakhan.irenis\" target=\"_blank\" rel=\"noopener noreferrer\">Facebook<\/a> &amp; <a href=\"https:\/\/www.instagram.com\/versakhanirenis\/\" target=\"_blank\" rel=\"noopener noreferrer\">Instagram<\/a>, as well as on my every 100 years updated <a href=\"http:\/\/versakhanirenis.deviantart.com\/\" target=\"_blank\" rel=\"noopener noreferrer\">DeviantArt<\/a> page.<\/span><\/span><\/p>\n<p><span class=\"tlid-translation translation\" lang=\"en\"><span class=\"\" title=\"\">Once I&#8217;ve imported my previous pages (<em><a href=\"http:\/\/www.acidpool.at\/langweilig\/chronotrigger\/chronotrigger00.htm\" target=\"_blank\" rel=\"noopener noreferrer\">Reeh vs. Chrono Trigger<\/a>, <a href=\"http:\/\/www.acidpool.at\/003_ultima\/01_akalabeth\/akalabeth.html\" target=\"_blank\" rel=\"noopener noreferrer\">Ultima<\/a><\/em><\/span> <span class=\"\" title=\"\"><em>0: Akalabeth (LP), <a href=\"http:\/\/www.acidpool.at\/003_ultima\/02_mtdrash\/mountdrash.html\" target=\"_blank\" rel=\"noopener noreferrer\">Ultima: Escape from Mount Drash (LP)<\/a>, etc &#8230;<\/em>) to the WordPress layout or find a useful solution, sooner or later new content (<em>eg \/me vs. Shadowrun<\/em><\/span> <span title=\"\"><em>Crossfire<\/em>) won&#8217;t be unavoidable.<\/span><\/span><\/p>\n\n\n<p><\/p>\n","protected":false},"excerpt":{"rendered":"<p>Diese Seite ist eine Baustelle und diente eigentlich nur als Basis f\u00fcr mein als Blog getarntes Devdiary. Da aber die originale Seite ihren Zenit nun schon weit \u00fcberschritten hat zerre ich diese hier wider besseren Wissens doch ans Licht der \u00d6ffentlichkeit. (Als ob&#8217;s tats\u00e4chlich jemanden interessieren w\u00fcrde&#8230;) Meine Zeichnereien finden sich \u00f6ffentlicher zug\u00e4nglich auf Facebook &hellip; <\/p>\n<p class=\"link-more\"><a href=\"http:\/\/www.acidpool.at\/005_wordpress\/\" class=\"more-link\"><span class=\"screen-reader-text\">\u201eInformation\u201c <\/span>weiterlesen<\/a><\/p>\n","protected":false},"author":1,"featured_media":127,"parent":0,"menu_order":0,"comment_status":"closed","ping_status":"closed","template":"","meta":{"footnotes":""},"class_list":["post-63","page","type-page","status-publish","has-post-thumbnail","hentry"],"_links":{"self":[{"href":"http:\/\/www.acidpool.at\/005_wordpress\/index.php\/wp-json\/wp\/v2\/pages\/63","targetHints":{"allow":["GET"]}}],"collection":[{"href":"http:\/\/www.acidpool.at\/005_wordpress\/index.php\/wp-json\/wp\/v2\/pages"}],"about":[{"href":"http:\/\/www.acidpool.at\/005_wordpress\/index.php\/wp-json\/wp\/v2\/types\/page"}],"author":[{"embeddable":true,"href":"http:\/\/www.acidpool.at\/005_wordpress\/index.php\/wp-json\/wp\/v2\/users\/1"}],"replies":[{"embeddable":true,"href":"http:\/\/www.acidpool.at\/005_wordpress\/index.php\/wp-json\/wp\/v2\/comments?post=63"}],"version-history":[{"count":25,"href":"http:\/\/www.acidpool.at\/005_wordpress\/index.php\/wp-json\/wp\/v2\/pages\/63\/revisions"}],"predecessor-version":[{"id":1985,"href":"http:\/\/www.acidpool.at\/005_wordpress\/index.php\/wp-json\/wp\/v2\/pages\/63\/revisions\/1985"}],"wp:featuredmedia":[{"embeddable":true,"href":"http:\/\/www.acidpool.at\/005_wordpress\/index.php\/wp-json\/wp\/v2\/media\/127"}],"wp:attachment":[{"href":"http:\/\/www.acidpool.at\/005_wordpress\/index.php\/wp-json\/wp\/v2\/media?parent=63"}],"curies":[{"name":"wp","href":"https:\/\/api.w.org\/{rel}","templated":true}]}}