{"id":1442,"date":"2021-10-27T20:37:48","date_gmt":"2021-10-27T18:37:48","guid":{"rendered":"http:\/\/www.acidpool.at\/005_wordpress\/?page_id=1442"},"modified":"2021-10-28T18:22:01","modified_gmt":"2021-10-28T16:22:01","slug":"ng095","status":"publish","type":"page","link":"http:\/\/www.acidpool.at\/005_wordpress\/index.php\/nichtgruftig-at\/ng095\/","title":{"rendered":"NichtGruftig.at 095 &#8211; Merry X-Mess"},"content":{"rendered":"\n<div class=\"wp-block-image\"><figure class=\"aligncenter size-full\"><a href=\"http:\/\/www.acidpool.at\/005_wordpress\/index.php\/nichtgruftig-at\/\"><img loading=\"lazy\" decoding=\"async\" width=\"610\" height=\"460\" src=\"http:\/\/www.acidpool.at\/005_wordpress\/wp-content\/uploads\/2019\/05\/ng095_610x460.jpg\" alt=\"\" class=\"wp-image-1046\" srcset=\"http:\/\/www.acidpool.at\/005_wordpress\/wp-content\/uploads\/2019\/05\/ng095_610x460.jpg 610w, http:\/\/www.acidpool.at\/005_wordpress\/wp-content\/uploads\/2019\/05\/ng095_610x460-300x226.jpg 300w\" sizes=\"auto, (max-width: 610px) 100vw, 610px\" \/><\/a><\/figure><\/div>\n\n\n\n<p class=\"has-text-align-center\">     <a href=\"http:\/\/www.acidpool.at\/005_wordpress\/index.php\/nichtgruftig-at\/ng000\/\" data-type=\"page\" data-id=\"923\"><img loading=\"lazy\" decoding=\"async\" width=\"15\" height=\"11\" class=\"wp-image-927\" style=\"width: 15px;\" src=\"http:\/\/www.acidpool.at\/005_wordpress\/wp-content\/uploads\/2019\/05\/pfeilanfang.jpg\" alt=\"\"><\/a>  <a href=\"http:\/\/www.acidpool.at\/005_wordpress\/index.php\/nichtgruftig-at\/ng094\/\" data-type=\"page\" data-id=\"1440\"><img loading=\"lazy\" decoding=\"async\" width=\"33\" height=\"11\" class=\"wp-image-928\" style=\"width: 33px;\" src=\"http:\/\/www.acidpool.at\/005_wordpress\/wp-content\/uploads\/2019\/05\/pfeillinks.jpg\" alt=\"\"><\/a>  <span class=\"has-inline-color has-white-color\">_<\/span> [ <a href=\"http:\/\/www.acidpool.at\/005_wordpress\/index.php\/nichtgruftig-at\/\" data-type=\"page\" data-id=\"499\">Zur\u00fcck zur Galerie<\/a> ] <span class=\"has-inline-color has-white-color\">_<\/span>  <a href=\"http:\/\/www.acidpool.at\/005_wordpress\/index.php\/nichtgruftig-at\/\" data-type=\"page\" data-id=\"499\"><img loading=\"lazy\" decoding=\"async\" width=\"33\" height=\"11\" class=\"wp-image-929\" style=\"width: 33px;\" src=\"http:\/\/www.acidpool.at\/005_wordpress\/wp-content\/uploads\/2019\/05\/pfeilrechts.jpg\" alt=\"\"><\/a>  <a href=\"http:\/\/www.acidpool.at\/005_wordpress\/index.php\/nichtgruftig-at\/\" data-type=\"page\" data-id=\"499\"><img loading=\"lazy\" decoding=\"async\" width=\"15\" height=\"11\" class=\"wp-image-930\" style=\"width: 15px;\" src=\"http:\/\/www.acidpool.at\/005_wordpress\/wp-content\/uploads\/2019\/05\/pfeilende.jpg\" alt=\"\"><\/a>     <\/p>\n\n\n\n<p class=\"has-text-align-center\"><em>Ich habe keine Ahnung wieso hier 2009 steht. Und ich habe keine Ahnung mehr wieso ich es f\u00fcr Notwendig erachtet habe dieses Bild auf NichtGruftig.at zu posten. Egal, denn mit diesem wahrlich nichtgruftigen Bild endete dieses Kapitel meines Lebens. <\/em><\/p>\n\n\n\n<p class=\"has-text-align-center\"><em>Nachdem das Monastery seine Pforten geschlossen hatte, besuchte ich so gut wie keine der &#8217;normalen&#8216; Gruftifestln mehr und dank des neuen Jobs gingen sich auch die Schlawiener-Sonntage nicht mehr aus. Jeglicher Ansatz NG fortzusetzen wurde sofort durch die Tatsache das ich mich nicht mehr regelm\u00e4\u00dfig mit Gruftis unterwegs war im Keim erstickt. Denn wenn es eine Sache gibt die ich nicht ausstehen kann, dann sind es Seiler und Speer&#8230; nein, ja, auch, aber hier meine ich Hypokriten, Und Witze \u00fcber (mit) Gruftis zu machen ohne selbst dabei zu sein und eine Ahnung zu haben wor\u00fcber ich mich gerade tats\u00e4chlich lustig mache w\u00fcrde mich in meinen Augen zu einem solchen machen. <\/em><\/p>\n\n\n\n<p class=\"has-text-align-center\"><em>Obwohl, das Federpenal in dem noch gut 50 Zettel mit mindestens eben so vielen weder ausge- und verarbeiteten Ideen habe ich \u00fcber all die Jahre immer noch aufgehoben. Wer wei\u00df, vielleicht \u00fcberkommt es mich eines Tages ja doch noch einmal&#8230;<\/em><\/p>\n\n\n\n<div class=\"wp-block-image\"><figure class=\"aligncenter size-full\"><img loading=\"lazy\" decoding=\"async\" width=\"188\" height=\"196\" src=\"http:\/\/www.acidpool.at\/005_wordpress\/wp-content\/uploads\/2019\/05\/ngthxadd.jpg\" alt=\"\" class=\"wp-image-912\"\/><\/figure><\/div>\n\n\n\n<p><\/p>\n","protected":false},"excerpt":{"rendered":"<p>_ [ Zur\u00fcck zur Galerie ] _ Ich habe keine Ahnung wieso hier 2009 steht. Und ich habe keine Ahnung mehr wieso ich es f\u00fcr Notwendig erachtet habe dieses Bild auf NichtGruftig.at zu posten. Egal, denn mit diesem wahrlich nichtgruftigen Bild endete dieses Kapitel meines Lebens. Nachdem das Monastery seine Pforten geschlossen hatte, besuchte ich &hellip; <\/p>\n<p class=\"link-more\"><a href=\"http:\/\/www.acidpool.at\/005_wordpress\/index.php\/nichtgruftig-at\/ng095\/\" class=\"more-link\"><span class=\"screen-reader-text\">\u201eNichtGruftig.at 095 &#8211; Merry X-Mess\u201c <\/span>weiterlesen<\/a><\/p>\n","protected":false},"author":1,"featured_media":0,"parent":499,"menu_order":95,"comment_status":"open","ping_status":"closed","template":"","meta":{"footnotes":""},"class_list":["post-1442","page","type-page","status-publish","hentry"],"_links":{"self":[{"href":"http:\/\/www.acidpool.at\/005_wordpress\/index.php\/wp-json\/wp\/v2\/pages\/1442","targetHints":{"allow":["GET"]}}],"collection":[{"href":"http:\/\/www.acidpool.at\/005_wordpress\/index.php\/wp-json\/wp\/v2\/pages"}],"about":[{"href":"http:\/\/www.acidpool.at\/005_wordpress\/index.php\/wp-json\/wp\/v2\/types\/page"}],"author":[{"embeddable":true,"href":"http:\/\/www.acidpool.at\/005_wordpress\/index.php\/wp-json\/wp\/v2\/users\/1"}],"replies":[{"embeddable":true,"href":"http:\/\/www.acidpool.at\/005_wordpress\/index.php\/wp-json\/wp\/v2\/comments?post=1442"}],"version-history":[{"count":4,"href":"http:\/\/www.acidpool.at\/005_wordpress\/index.php\/wp-json\/wp\/v2\/pages\/1442\/revisions"}],"predecessor-version":[{"id":1656,"href":"http:\/\/www.acidpool.at\/005_wordpress\/index.php\/wp-json\/wp\/v2\/pages\/1442\/revisions\/1656"}],"up":[{"embeddable":true,"href":"http:\/\/www.acidpool.at\/005_wordpress\/index.php\/wp-json\/wp\/v2\/pages\/499"}],"wp:attachment":[{"href":"http:\/\/www.acidpool.at\/005_wordpress\/index.php\/wp-json\/wp\/v2\/media?parent=1442"}],"curies":[{"name":"wp","href":"https:\/\/api.w.org\/{rel}","templated":true}]}}