{"id":1434,"date":"2021-10-27T19:25:04","date_gmt":"2021-10-27T17:25:04","guid":{"rendered":"http:\/\/www.acidpool.at\/005_wordpress\/?page_id=1434"},"modified":"2021-10-28T18:20:44","modified_gmt":"2021-10-28T16:20:44","slug":"ng091","status":"publish","type":"page","link":"http:\/\/www.acidpool.at\/005_wordpress\/index.php\/nichtgruftig-at\/ng091\/","title":{"rendered":"NichtGruftig.at 091 &#8211; Folgeerscheinung der neuen Gothic.at-Registrierungsmethode:"},"content":{"rendered":"\n<div class=\"wp-block-image\"><figure class=\"aligncenter size-full\"><a href=\"http:\/\/www.acidpool.at\/005_wordpress\/index.php\/nichtgruftig-at\/ng092\/\"><img loading=\"lazy\" decoding=\"async\" width=\"450\" height=\"380\" src=\"http:\/\/www.acidpool.at\/005_wordpress\/wp-content\/uploads\/2019\/05\/ng091_450x380.jpg\" alt=\"\" class=\"wp-image-1042\" srcset=\"http:\/\/www.acidpool.at\/005_wordpress\/wp-content\/uploads\/2019\/05\/ng091_450x380.jpg 450w, http:\/\/www.acidpool.at\/005_wordpress\/wp-content\/uploads\/2019\/05\/ng091_450x380-300x253.jpg 300w\" sizes=\"auto, (max-width: 450px) 100vw, 450px\" \/><\/a><\/figure><\/div>\n\n\n\n<p class=\"has-text-align-center\">     <a href=\"http:\/\/www.acidpool.at\/005_wordpress\/index.php\/nichtgruftig-at\/ng000\/\" data-type=\"page\" data-id=\"923\"><img loading=\"lazy\" decoding=\"async\" width=\"15\" height=\"11\" class=\"wp-image-927\" style=\"width: 15px;\" src=\"http:\/\/www.acidpool.at\/005_wordpress\/wp-content\/uploads\/2019\/05\/pfeilanfang.jpg\" alt=\"\"><\/a>  <a href=\"http:\/\/www.acidpool.at\/005_wordpress\/index.php\/nichtgruftig-at\/ng090\/\" data-type=\"page\" data-id=\"1432\"><img loading=\"lazy\" decoding=\"async\" width=\"33\" height=\"11\" class=\"wp-image-928\" style=\"width: 33px;\" src=\"http:\/\/www.acidpool.at\/005_wordpress\/wp-content\/uploads\/2019\/05\/pfeillinks.jpg\" alt=\"\"><\/a>  <span class=\"has-inline-color has-white-color\">_<\/span> [ <a href=\"http:\/\/www.acidpool.at\/005_wordpress\/index.php\/nichtgruftig-at\/\" data-type=\"page\" data-id=\"499\">Zur\u00fcck zur Galerie<\/a> ] <span class=\"has-inline-color has-white-color\">_<\/span>  <a href=\"http:\/\/www.acidpool.at\/005_wordpress\/index.php\/nichtgruftig-at\/ng092\/\" data-type=\"page\" data-id=\"1436\"><img loading=\"lazy\" decoding=\"async\" width=\"33\" height=\"11\" class=\"wp-image-929\" style=\"width: 33px;\" src=\"http:\/\/www.acidpool.at\/005_wordpress\/wp-content\/uploads\/2019\/05\/pfeilrechts.jpg\" alt=\"\"><\/a>  <a href=\"http:\/\/www.acidpool.at\/005_wordpress\/index.php\/nichtgruftig-at\/ng095\/\" data-type=\"page\" data-id=\"1442\"><img loading=\"lazy\" decoding=\"async\" width=\"15\" height=\"11\" class=\"wp-image-930\" style=\"width: 15px;\" src=\"http:\/\/www.acidpool.at\/005_wordpress\/wp-content\/uploads\/2019\/05\/pfeilende.jpg\" alt=\"\"><\/a>      <\/p>\n\n\n\n<p class=\"has-text-align-center\"><em>Da das Internet immer bev\u00f6lkerter wurde begab es sich das <a href=\"http:\/\/www.gothic.at\" target=\"_blank\" rel=\"noreferrer noopener\">gothic.at<\/a> eine neue Registrierungsmethode einf\u00fchrte um ein wenig mehr Abstand zu Bots, Au\u00dfenstehenden und \u00c4hnlichem gew\u00e4hren zu k\u00f6nnen. Diese bestand aus einem Fragebogen der tats\u00e4chliches Wissen \u00fcber die Szene voraussetze um korrekt beantwortet werden zu k\u00f6nnen. Ich wei\u00df bis jetzt nicht was ich am\u00fcsanter fand: die falschen Antworten oder das einige tats\u00e4chlich Probleme mit dem Test hatten.<\/em><\/p>\n\n\n\n<p><span class=\"has-inline-color has-white-color\">Hidden Text: &#8222;Imho die genialste Idee ohne idiotische Captchas botfrei zu bleiben.&#8220;<\/span><\/p>\n","protected":false},"excerpt":{"rendered":"<p>_ [ Zur\u00fcck zur Galerie ] _ Da das Internet immer bev\u00f6lkerter wurde begab es sich das gothic.at eine neue Registrierungsmethode einf\u00fchrte um ein wenig mehr Abstand zu Bots, Au\u00dfenstehenden und \u00c4hnlichem gew\u00e4hren zu k\u00f6nnen. Diese bestand aus einem Fragebogen der tats\u00e4chliches Wissen \u00fcber die Szene voraussetze um korrekt beantwortet werden zu k\u00f6nnen. Ich wei\u00df &hellip; <\/p>\n<p class=\"link-more\"><a href=\"http:\/\/www.acidpool.at\/005_wordpress\/index.php\/nichtgruftig-at\/ng091\/\" class=\"more-link\"><span class=\"screen-reader-text\">\u201eNichtGruftig.at 091 &#8211; Folgeerscheinung der neuen Gothic.at-Registrierungsmethode:\u201c <\/span>weiterlesen<\/a><\/p>\n","protected":false},"author":1,"featured_media":0,"parent":499,"menu_order":91,"comment_status":"open","ping_status":"closed","template":"","meta":{"footnotes":""},"class_list":["post-1434","page","type-page","status-publish","hentry"],"_links":{"self":[{"href":"http:\/\/www.acidpool.at\/005_wordpress\/index.php\/wp-json\/wp\/v2\/pages\/1434","targetHints":{"allow":["GET"]}}],"collection":[{"href":"http:\/\/www.acidpool.at\/005_wordpress\/index.php\/wp-json\/wp\/v2\/pages"}],"about":[{"href":"http:\/\/www.acidpool.at\/005_wordpress\/index.php\/wp-json\/wp\/v2\/types\/page"}],"author":[{"embeddable":true,"href":"http:\/\/www.acidpool.at\/005_wordpress\/index.php\/wp-json\/wp\/v2\/users\/1"}],"replies":[{"embeddable":true,"href":"http:\/\/www.acidpool.at\/005_wordpress\/index.php\/wp-json\/wp\/v2\/comments?post=1434"}],"version-history":[{"count":3,"href":"http:\/\/www.acidpool.at\/005_wordpress\/index.php\/wp-json\/wp\/v2\/pages\/1434\/revisions"}],"predecessor-version":[{"id":1652,"href":"http:\/\/www.acidpool.at\/005_wordpress\/index.php\/wp-json\/wp\/v2\/pages\/1434\/revisions\/1652"}],"up":[{"embeddable":true,"href":"http:\/\/www.acidpool.at\/005_wordpress\/index.php\/wp-json\/wp\/v2\/pages\/499"}],"wp:attachment":[{"href":"http:\/\/www.acidpool.at\/005_wordpress\/index.php\/wp-json\/wp\/v2\/media?parent=1434"}],"curies":[{"name":"wp","href":"https:\/\/api.w.org\/{rel}","templated":true}]}}