{"id":1367,"date":"2021-10-21T12:12:49","date_gmt":"2021-10-21T10:12:49","guid":{"rendered":"http:\/\/www.acidpool.at\/005_wordpress\/?page_id=1367"},"modified":"2021-10-28T18:12:22","modified_gmt":"2021-10-28T16:12:22","slug":"ng062","status":"publish","type":"page","link":"http:\/\/www.acidpool.at\/005_wordpress\/index.php\/nichtgruftig-at\/ng062\/","title":{"rendered":"NichtGruftig.at 062 &#8211; Legal Disclaimer: Aussage stammt nicht von D.A.V.E. sondern von d.s.R."},"content":{"rendered":"\n<div class=\"wp-block-image\"><figure class=\"aligncenter size-full\"><a href=\"http:\/\/www.acidpool.at\/005_wordpress\/index.php\/nichtgruftig-at\/ng063\/\"><img loading=\"lazy\" decoding=\"async\" width=\"450\" height=\"380\" src=\"http:\/\/www.acidpool.at\/005_wordpress\/wp-content\/uploads\/2019\/05\/ng062_450x380.jpg\" alt=\"\" class=\"wp-image-1013\" srcset=\"http:\/\/www.acidpool.at\/005_wordpress\/wp-content\/uploads\/2019\/05\/ng062_450x380.jpg 450w, http:\/\/www.acidpool.at\/005_wordpress\/wp-content\/uploads\/2019\/05\/ng062_450x380-300x253.jpg 300w\" sizes=\"auto, (max-width: 450px) 100vw, 450px\" \/><\/a><\/figure><\/div>\n\n\n\n<p class=\"has-text-align-center\">     <a href=\"http:\/\/www.acidpool.at\/005_wordpress\/index.php\/nichtgruftig-at\/ng000\/\" data-type=\"page\" data-id=\"923\"><img loading=\"lazy\" decoding=\"async\" width=\"15\" height=\"11\" class=\"wp-image-927\" style=\"width: 15px;\" src=\"http:\/\/www.acidpool.at\/005_wordpress\/wp-content\/uploads\/2019\/05\/pfeilanfang.jpg\" alt=\"\"><\/a>  <a href=\"http:\/\/www.acidpool.at\/005_wordpress\/index.php\/nichtgruftig-at\/ng061\/\" data-type=\"page\" data-id=\"1363\"><img loading=\"lazy\" decoding=\"async\" width=\"33\" height=\"11\" class=\"wp-image-928\" style=\"width: 33px;\" src=\"http:\/\/www.acidpool.at\/005_wordpress\/wp-content\/uploads\/2019\/05\/pfeillinks.jpg\" alt=\"\"><\/a>  <span class=\"has-inline-color has-white-color\">_<\/span> [ <a href=\"http:\/\/www.acidpool.at\/005_wordpress\/index.php\/nichtgruftig-at\/\" data-type=\"page\" data-id=\"499\">Zur\u00fcck zur Galerie<\/a> ] <span class=\"has-inline-color has-white-color\">_<\/span>  <a href=\"http:\/\/www.acidpool.at\/005_wordpress\/index.php\/nichtgruftig-at\/ng063\/\" data-type=\"page\" data-id=\"1371\"><img loading=\"lazy\" decoding=\"async\" width=\"33\" height=\"11\" class=\"wp-image-929\" style=\"width: 33px;\" src=\"http:\/\/www.acidpool.at\/005_wordpress\/wp-content\/uploads\/2019\/05\/pfeilrechts.jpg\" alt=\"\"><\/a>  <a href=\"http:\/\/www.acidpool.at\/005_wordpress\/index.php\/nichtgruftig-at\/ng095\/\" data-type=\"page\" data-id=\"1442\"><img loading=\"lazy\" decoding=\"async\" width=\"15\" height=\"11\" class=\"wp-image-930\" style=\"width: 15px;\" src=\"http:\/\/www.acidpool.at\/005_wordpress\/wp-content\/uploads\/2019\/05\/pfeilende.jpg\" alt=\"\"><\/a>     <\/p>\n\n\n\n<p class=\"has-text-align-center\"><em>Was es mit der Aussage auf sich hat? Gar nicht mal so viel. DJ. D.A.V.E.&#8217;s Geburtstag n\u00e4herte sich, ich hatte es geschafft ihn f\u00fcr meine Verh\u00e4ltnisse ziemlich gut wieder erkennbar zu zeichnen aber trotz langem \u00fcberlegen keinen intelligenteren Spruch\/Witz parat. \u00af\\_(\u30c4)_\/\u00af<\/em><\/p>\n\n\n\n<p class=\"has-text-align-center\"><span class=\"has-inline-color has-white-color\">Hidden Text: &#8222;Tip: &#8222;Kids in the hall&#8220; mit &#8222;These are the Daves I Know&#8220;&#8220;<\/span><\/p>\n","protected":false},"excerpt":{"rendered":"<p>_ [ Zur\u00fcck zur Galerie ] _ Was es mit der Aussage auf sich hat? Gar nicht mal so viel. DJ. D.A.V.E.&#8217;s Geburtstag n\u00e4herte sich, ich hatte es geschafft ihn f\u00fcr meine Verh\u00e4ltnisse ziemlich gut wieder erkennbar zu zeichnen aber trotz langem \u00fcberlegen keinen intelligenteren Spruch\/Witz parat. \u00af\\_(\u30c4)_\/\u00af Hidden Text: &#8222;Tip: &#8222;Kids in the hall&#8220; &hellip; <\/p>\n<p class=\"link-more\"><a href=\"http:\/\/www.acidpool.at\/005_wordpress\/index.php\/nichtgruftig-at\/ng062\/\" class=\"more-link\"><span class=\"screen-reader-text\">\u201eNichtGruftig.at 062 &#8211; Legal Disclaimer: Aussage stammt nicht von D.A.V.E. sondern von d.s.R.\u201c <\/span>weiterlesen<\/a><\/p>\n","protected":false},"author":1,"featured_media":0,"parent":499,"menu_order":62,"comment_status":"open","ping_status":"closed","template":"","meta":{"footnotes":""},"class_list":["post-1367","page","type-page","status-publish","hentry"],"_links":{"self":[{"href":"http:\/\/www.acidpool.at\/005_wordpress\/index.php\/wp-json\/wp\/v2\/pages\/1367","targetHints":{"allow":["GET"]}}],"collection":[{"href":"http:\/\/www.acidpool.at\/005_wordpress\/index.php\/wp-json\/wp\/v2\/pages"}],"about":[{"href":"http:\/\/www.acidpool.at\/005_wordpress\/index.php\/wp-json\/wp\/v2\/types\/page"}],"author":[{"embeddable":true,"href":"http:\/\/www.acidpool.at\/005_wordpress\/index.php\/wp-json\/wp\/v2\/users\/1"}],"replies":[{"embeddable":true,"href":"http:\/\/www.acidpool.at\/005_wordpress\/index.php\/wp-json\/wp\/v2\/comments?post=1367"}],"version-history":[{"count":4,"href":"http:\/\/www.acidpool.at\/005_wordpress\/index.php\/wp-json\/wp\/v2\/pages\/1367\/revisions"}],"predecessor-version":[{"id":1623,"href":"http:\/\/www.acidpool.at\/005_wordpress\/index.php\/wp-json\/wp\/v2\/pages\/1367\/revisions\/1623"}],"up":[{"embeddable":true,"href":"http:\/\/www.acidpool.at\/005_wordpress\/index.php\/wp-json\/wp\/v2\/pages\/499"}],"wp:attachment":[{"href":"http:\/\/www.acidpool.at\/005_wordpress\/index.php\/wp-json\/wp\/v2\/media?parent=1367"}],"curies":[{"name":"wp","href":"https:\/\/api.w.org\/{rel}","templated":true}]}}