{"id":1363,"date":"2021-10-20T12:52:28","date_gmt":"2021-10-20T10:52:28","guid":{"rendered":"http:\/\/www.acidpool.at\/005_wordpress\/?page_id=1363"},"modified":"2021-10-28T18:12:01","modified_gmt":"2021-10-28T16:12:01","slug":"ng061","status":"publish","type":"page","link":"http:\/\/www.acidpool.at\/005_wordpress\/index.php\/nichtgruftig-at\/ng061\/","title":{"rendered":"NichtGruftig.at 061 &#8211; Wie konntet ihr nur!?!"},"content":{"rendered":"\n<div class=\"wp-block-image\"><figure class=\"aligncenter size-full\"><a href=\"http:\/\/www.acidpool.at\/005_wordpress\/index.php\/nichtgruftig-at\/ng062\/\"><img loading=\"lazy\" decoding=\"async\" width=\"450\" height=\"380\" src=\"http:\/\/www.acidpool.at\/005_wordpress\/wp-content\/uploads\/2019\/05\/ng058_450x380.jpg\" alt=\"\" class=\"wp-image-1009\" srcset=\"http:\/\/www.acidpool.at\/005_wordpress\/wp-content\/uploads\/2019\/05\/ng058_450x380.jpg 450w, http:\/\/www.acidpool.at\/005_wordpress\/wp-content\/uploads\/2019\/05\/ng058_450x380-300x253.jpg 300w\" sizes=\"auto, (max-width: 450px) 100vw, 450px\" \/><\/a><\/figure><\/div>\n\n\n\n<p class=\"has-text-align-center\">     <a href=\"http:\/\/www.acidpool.at\/005_wordpress\/index.php\/nichtgruftig-at\/ng000\/\" data-type=\"page\" data-id=\"923\"><img loading=\"lazy\" decoding=\"async\" width=\"15\" height=\"11\" class=\"wp-image-927\" style=\"width: 15px;\" src=\"http:\/\/www.acidpool.at\/005_wordpress\/wp-content\/uploads\/2019\/05\/pfeilanfang.jpg\" alt=\"\"><\/a>  <a href=\"http:\/\/www.acidpool.at\/005_wordpress\/index.php\/nichtgruftig-at\/n060\/\" data-type=\"page\" data-id=\"1361\"><img loading=\"lazy\" decoding=\"async\" width=\"33\" height=\"11\" class=\"wp-image-928\" style=\"width: 33px;\" src=\"http:\/\/www.acidpool.at\/005_wordpress\/wp-content\/uploads\/2019\/05\/pfeillinks.jpg\" alt=\"\"><\/a>  <span class=\"has-inline-color has-white-color\">_<\/span> [ <a href=\"http:\/\/www.acidpool.at\/005_wordpress\/index.php\/nichtgruftig-at\/\" data-type=\"page\" data-id=\"499\">Zur\u00fcck zur Galerie<\/a> ] <span class=\"has-inline-color has-white-color\">_<\/span>  <a href=\"http:\/\/www.acidpool.at\/005_wordpress\/index.php\/nichtgruftig-at\/ng062\/\" data-type=\"page\" data-id=\"1367\"><img loading=\"lazy\" decoding=\"async\" width=\"33\" height=\"11\" class=\"wp-image-929\" style=\"width: 33px;\" src=\"http:\/\/www.acidpool.at\/005_wordpress\/wp-content\/uploads\/2019\/05\/pfeilrechts.jpg\" alt=\"\"><\/a>  <a href=\"http:\/\/www.acidpool.at\/005_wordpress\/index.php\/nichtgruftig-at\/ng095\/\" data-type=\"page\" data-id=\"1442\"><img loading=\"lazy\" decoding=\"async\" width=\"15\" height=\"11\" class=\"wp-image-930\" style=\"width: 15px;\" src=\"http:\/\/www.acidpool.at\/005_wordpress\/wp-content\/uploads\/2019\/05\/pfeilende.jpg\" alt=\"\"><\/a>     <\/p>\n\n\n\n<p class=\"has-text-align-center\"><em>Den <a rel=\"noreferrer noopener\" href=\"http:\/\/www.gothic.at\/news\/lokales\/junggrufti-kalender-2oo8.html,335\" target=\"_blank\">1. Wiener Junggrufti-Kalender<\/a>, bzw. das darum entstandene Chaos werde ich auch nie vergessen. Was als harmlose Idee mehrerer legitimer Photographen begann, steigerte sich in ein mehrfaches &#8222;Ich will auch ein Exemplar!&#8220;. Mit der Menge kamen dann die Kritiker die auf die legalen Probleme bei der kommerziellen Vermarktung hinwiesen, aber die wirklich lauten Stimmen die sich auch noch Wochen sp\u00e4ter dar\u00fcber mokierten geh\u00f6rten jenen die es eben nicht in den Kalender geschafft hatten.<\/em><\/p>\n\n\n\n<p class=\"has-text-align-center\"><em>Der Junggrufti auf dem Bild ist \u00fcbrigens JuGru (siehe <a rel=\"noreferrer noopener\" href=\"http:\/\/www.acidpool.at\/005_wordpress\/index.php\/nichtgruftig-at-memorial\/ng000\/\" data-type=\"page\" data-id=\"923\" target=\"_blank\">NG001<\/a>) und tr\u00e4gt bereits das Spoiler-T-Shirt zum niemals fertiggestellten NichtGruftig-Spiel CIS=NG.<\/em><\/p>\n\n\n\n<p class=\"has-text-align-center\"><span class=\"has-inline-color has-white-color\">Hidden Text: &#8222;Read all @ gothic.at-&gt;Forum-&gt;Gothic-&gt;Junggrufti-Kalender :-p&#8220;<\/span><\/p>\n","protected":false},"excerpt":{"rendered":"<p>_ [ Zur\u00fcck zur Galerie ] _ Den 1. Wiener Junggrufti-Kalender, bzw. das darum entstandene Chaos werde ich auch nie vergessen. Was als harmlose Idee mehrerer legitimer Photographen begann, steigerte sich in ein mehrfaches &#8222;Ich will auch ein Exemplar!&#8220;. Mit der Menge kamen dann die Kritiker die auf die legalen Probleme bei der kommerziellen Vermarktung &hellip; <\/p>\n<p class=\"link-more\"><a href=\"http:\/\/www.acidpool.at\/005_wordpress\/index.php\/nichtgruftig-at\/ng061\/\" class=\"more-link\"><span class=\"screen-reader-text\">\u201eNichtGruftig.at 061 &#8211; Wie konntet ihr nur!?!\u201c <\/span>weiterlesen<\/a><\/p>\n","protected":false},"author":1,"featured_media":0,"parent":499,"menu_order":61,"comment_status":"open","ping_status":"closed","template":"","meta":{"footnotes":""},"class_list":["post-1363","page","type-page","status-publish","hentry"],"_links":{"self":[{"href":"http:\/\/www.acidpool.at\/005_wordpress\/index.php\/wp-json\/wp\/v2\/pages\/1363","targetHints":{"allow":["GET"]}}],"collection":[{"href":"http:\/\/www.acidpool.at\/005_wordpress\/index.php\/wp-json\/wp\/v2\/pages"}],"about":[{"href":"http:\/\/www.acidpool.at\/005_wordpress\/index.php\/wp-json\/wp\/v2\/types\/page"}],"author":[{"embeddable":true,"href":"http:\/\/www.acidpool.at\/005_wordpress\/index.php\/wp-json\/wp\/v2\/users\/1"}],"replies":[{"embeddable":true,"href":"http:\/\/www.acidpool.at\/005_wordpress\/index.php\/wp-json\/wp\/v2\/comments?post=1363"}],"version-history":[{"count":3,"href":"http:\/\/www.acidpool.at\/005_wordpress\/index.php\/wp-json\/wp\/v2\/pages\/1363\/revisions"}],"predecessor-version":[{"id":1622,"href":"http:\/\/www.acidpool.at\/005_wordpress\/index.php\/wp-json\/wp\/v2\/pages\/1363\/revisions\/1622"}],"up":[{"embeddable":true,"href":"http:\/\/www.acidpool.at\/005_wordpress\/index.php\/wp-json\/wp\/v2\/pages\/499"}],"wp:attachment":[{"href":"http:\/\/www.acidpool.at\/005_wordpress\/index.php\/wp-json\/wp\/v2\/media?parent=1363"}],"curies":[{"name":"wp","href":"https:\/\/api.w.org\/{rel}","templated":true}]}}