{"id":1354,"date":"2021-10-20T07:59:30","date_gmt":"2021-10-20T05:59:30","guid":{"rendered":"http:\/\/www.acidpool.at\/005_wordpress\/?page_id=1354"},"modified":"2021-10-28T18:11:16","modified_gmt":"2021-10-28T16:11:16","slug":"ng057","status":"publish","type":"page","link":"http:\/\/www.acidpool.at\/005_wordpress\/index.php\/nichtgruftig-at\/ng057\/","title":{"rendered":"NichtGruftig.at 057 &#8211; M\u00e4dchen oder Junge? Egal&#8230;"},"content":{"rendered":"\n<div class=\"wp-block-image\"><figure class=\"aligncenter size-full\"><a href=\"http:\/\/www.acidpool.at\/005_wordpress\/index.php\/nichtgruftig-at\/ng058\/\"><img loading=\"lazy\" decoding=\"async\" width=\"450\" height=\"380\" src=\"http:\/\/www.acidpool.at\/005_wordpress\/wp-content\/uploads\/2019\/05\/ng057_450x380.jpg\" alt=\"\" class=\"wp-image-1008\" srcset=\"http:\/\/www.acidpool.at\/005_wordpress\/wp-content\/uploads\/2019\/05\/ng057_450x380.jpg 450w, http:\/\/www.acidpool.at\/005_wordpress\/wp-content\/uploads\/2019\/05\/ng057_450x380-300x253.jpg 300w\" sizes=\"auto, (max-width: 450px) 100vw, 450px\" \/><\/a><figcaption>0<\/figcaption><\/figure><\/div>\n\n\n\n<p class=\"has-text-align-center\">     <a href=\"http:\/\/www.acidpool.at\/005_wordpress\/index.php\/nichtgruftig-at\/ng000\/\" data-type=\"page\" data-id=\"923\"><img loading=\"lazy\" decoding=\"async\" width=\"15\" height=\"11\" class=\"wp-image-927\" style=\"width: 15px;\" src=\"http:\/\/www.acidpool.at\/005_wordpress\/wp-content\/uploads\/2019\/05\/pfeilanfang.jpg\" alt=\"\"><\/a>  <a href=\"http:\/\/www.acidpool.at\/005_wordpress\/index.php\/nichtgruftig-at\/ng056\/\" data-type=\"page\" data-id=\"1350\"><img loading=\"lazy\" decoding=\"async\" width=\"33\" height=\"11\" class=\"wp-image-928\" style=\"width: 33px;\" src=\"http:\/\/www.acidpool.at\/005_wordpress\/wp-content\/uploads\/2019\/05\/pfeillinks.jpg\" alt=\"\"><\/a>  <span class=\"has-inline-color has-white-color\">_<\/span> [ <a href=\"http:\/\/www.acidpool.at\/005_wordpress\/index.php\/nichtgruftig-at\/\" data-type=\"page\" data-id=\"499\">Zur\u00fcck zur Galerie<\/a> ] <span class=\"has-inline-color has-white-color\">_<\/span>  <a href=\"http:\/\/www.acidpool.at\/005_wordpress\/index.php\/nichtgruftig-at\/ng058\/\" data-type=\"page\" data-id=\"1356\"><img loading=\"lazy\" decoding=\"async\" width=\"33\" height=\"11\" class=\"wp-image-929\" style=\"width: 33px;\" src=\"http:\/\/www.acidpool.at\/005_wordpress\/wp-content\/uploads\/2019\/05\/pfeilrechts.jpg\" alt=\"\"><\/a>  <a href=\"http:\/\/www.acidpool.at\/005_wordpress\/index.php\/nichtgruftig-at\/ng095\/\" data-type=\"page\" data-id=\"1442\"><img loading=\"lazy\" decoding=\"async\" width=\"15\" height=\"11\" class=\"wp-image-930\" style=\"width: 15px;\" src=\"http:\/\/www.acidpool.at\/005_wordpress\/wp-content\/uploads\/2019\/05\/pfeilende.jpg\" alt=\"\"><\/a>     <\/p>\n\n\n\n<p class=\"has-text-align-center\"><em>2008 kamen die Emos in Wien an. Und ich habe es echt geschafft bis heute keinen einen einzigen irl zu sehen.  Selbst &#8222;Da schau, da ist einer&#8220; hat nicht funktioniert, denn sobald ich hingeschaut habe ist er in der Masse untergetaucht gewesen. F\u00fcr mich h\u00e4tten sie genauso gut eine gro\u00dfangelegte Verschw\u00f6rung \u00e0 la Bielefeld sein k\u00f6nnen. Nicht das es Sinn ergeben w\u00fcrde, aber&#8230;<\/em><\/p>\n\n\n\n<p class=\"has-text-align-center\"><span class=\"has-inline-color has-white-color\">Hidden Text: &#8222;We proudly present: NG&#8217;s 1st Emo-Joke!&#8220;<\/span><\/p>\n","protected":false},"excerpt":{"rendered":"<p>_ [ Zur\u00fcck zur Galerie ] _ 2008 kamen die Emos in Wien an. Und ich habe es echt geschafft bis heute keinen einen einzigen irl zu sehen. Selbst &#8222;Da schau, da ist einer&#8220; hat nicht funktioniert, denn sobald ich hingeschaut habe ist er in der Masse untergetaucht gewesen. F\u00fcr mich h\u00e4tten sie genauso gut &hellip; <\/p>\n<p class=\"link-more\"><a href=\"http:\/\/www.acidpool.at\/005_wordpress\/index.php\/nichtgruftig-at\/ng057\/\" class=\"more-link\"><span class=\"screen-reader-text\">\u201eNichtGruftig.at 057 &#8211; M\u00e4dchen oder Junge? Egal&#8230;\u201c <\/span>weiterlesen<\/a><\/p>\n","protected":false},"author":1,"featured_media":0,"parent":499,"menu_order":57,"comment_status":"open","ping_status":"closed","template":"","meta":{"footnotes":""},"class_list":["post-1354","page","type-page","status-publish","hentry"],"_links":{"self":[{"href":"http:\/\/www.acidpool.at\/005_wordpress\/index.php\/wp-json\/wp\/v2\/pages\/1354","targetHints":{"allow":["GET"]}}],"collection":[{"href":"http:\/\/www.acidpool.at\/005_wordpress\/index.php\/wp-json\/wp\/v2\/pages"}],"about":[{"href":"http:\/\/www.acidpool.at\/005_wordpress\/index.php\/wp-json\/wp\/v2\/types\/page"}],"author":[{"embeddable":true,"href":"http:\/\/www.acidpool.at\/005_wordpress\/index.php\/wp-json\/wp\/v2\/users\/1"}],"replies":[{"embeddable":true,"href":"http:\/\/www.acidpool.at\/005_wordpress\/index.php\/wp-json\/wp\/v2\/comments?post=1354"}],"version-history":[{"count":3,"href":"http:\/\/www.acidpool.at\/005_wordpress\/index.php\/wp-json\/wp\/v2\/pages\/1354\/revisions"}],"predecessor-version":[{"id":1619,"href":"http:\/\/www.acidpool.at\/005_wordpress\/index.php\/wp-json\/wp\/v2\/pages\/1354\/revisions\/1619"}],"up":[{"embeddable":true,"href":"http:\/\/www.acidpool.at\/005_wordpress\/index.php\/wp-json\/wp\/v2\/pages\/499"}],"wp:attachment":[{"href":"http:\/\/www.acidpool.at\/005_wordpress\/index.php\/wp-json\/wp\/v2\/media?parent=1354"}],"curies":[{"name":"wp","href":"https:\/\/api.w.org\/{rel}","templated":true}]}}