{"id":1348,"date":"2021-10-19T09:48:29","date_gmt":"2021-10-19T07:48:29","guid":{"rendered":"http:\/\/www.acidpool.at\/005_wordpress\/?page_id=1348"},"modified":"2021-10-28T18:10:35","modified_gmt":"2021-10-28T16:10:35","slug":"ng055","status":"publish","type":"page","link":"http:\/\/www.acidpool.at\/005_wordpress\/index.php\/nichtgruftig-at\/ng055\/","title":{"rendered":"NichtGruftig.at 055 &#8211; Merry X-Mess all together :-)"},"content":{"rendered":"\n<div class=\"wp-block-image\"><figure class=\"aligncenter size-full\"><a href=\"http:\/\/www.acidpool.at\/005_wordpress\/index.php\/nichtgruftig-at\/ng056\/\"><img loading=\"lazy\" decoding=\"async\" width=\"450\" height=\"380\" src=\"http:\/\/www.acidpool.at\/005_wordpress\/wp-content\/uploads\/2019\/05\/ng055_450x380.jpg\" alt=\"\" class=\"wp-image-1006\" srcset=\"http:\/\/www.acidpool.at\/005_wordpress\/wp-content\/uploads\/2019\/05\/ng055_450x380.jpg 450w, http:\/\/www.acidpool.at\/005_wordpress\/wp-content\/uploads\/2019\/05\/ng055_450x380-300x253.jpg 300w\" sizes=\"auto, (max-width: 450px) 100vw, 450px\" \/><\/a><\/figure><\/div>\n\n\n\n<p class=\"has-text-align-center\">    <a href=\"http:\/\/www.acidpool.at\/005_wordpress\/index.php\/nichtgruftig-at\/ng000\/\" data-type=\"page\" data-id=\"923\"><img loading=\"lazy\" decoding=\"async\" width=\"15\" height=\"11\" class=\"wp-image-927\" style=\"width: 15px;\" src=\"http:\/\/www.acidpool.at\/005_wordpress\/wp-content\/uploads\/2019\/05\/pfeilanfang.jpg\" alt=\"\"><\/a>  <a href=\"http:\/\/www.acidpool.at\/005_wordpress\/index.php\/nichtgruftig-at\/ng054\/\" data-type=\"page\" data-id=\"1346\"><img loading=\"lazy\" decoding=\"async\" width=\"33\" height=\"11\" class=\"wp-image-928\" style=\"width: 33px;\" src=\"http:\/\/www.acidpool.at\/005_wordpress\/wp-content\/uploads\/2019\/05\/pfeillinks.jpg\" alt=\"\"><\/a>  <span class=\"has-inline-color has-white-color\">_<\/span> [ <a href=\"http:\/\/www.acidpool.at\/005_wordpress\/index.php\/nichtgruftig-at\/\" data-type=\"page\" data-id=\"499\">Zur\u00fcck zur Galerie<\/a> ] <span class=\"has-inline-color has-white-color\">_<\/span>  <a href=\"http:\/\/www.acidpool.at\/005_wordpress\/index.php\/nichtgruftig-at\/ng056\/\" data-type=\"page\" data-id=\"1350\"><img loading=\"lazy\" decoding=\"async\" width=\"33\" height=\"11\" class=\"wp-image-929\" style=\"width: 33px;\" src=\"http:\/\/www.acidpool.at\/005_wordpress\/wp-content\/uploads\/2019\/05\/pfeilrechts.jpg\" alt=\"\"><\/a>  <a href=\"http:\/\/www.acidpool.at\/005_wordpress\/index.php\/nichtgruftig-at\/ng095\/\" data-type=\"page\" data-id=\"1442\"><img loading=\"lazy\" decoding=\"async\" width=\"15\" height=\"11\" class=\"wp-image-930\" style=\"width: 15px;\" src=\"http:\/\/www.acidpool.at\/005_wordpress\/wp-content\/uploads\/2019\/05\/pfeilende.jpg\" alt=\"\"><\/a>    <\/p>\n\n\n\n<p class=\"has-text-align-center\"><em>Mit dem Kreuzwortr\u00e4tsel (siehe <a href=\"http:\/\/www.acidpool.at\/005_wordpress\/index.php\/nichtgruftig-at-memorial\/ng054\/\" data-type=\"page\" data-id=\"1346\">NG054<\/a>) waren meine CorelDraw-Spielereien noch lange nicht zu Ende. Ich habe auch einen Jahresplaner f\u00fcr 2008 erstellt. Wieder ohne Generator, denn warum nicht mal wieder einfach so das Rad neu erfinden. Das einzige Problem an der Sache war blo\u00df das man mit den druckfertig aufbereiteten Daten ohne Copyshop (oder die entsprechende Ausstattung) herzlich wenig damit anfangen konnte. Egal, ich habe bei dem Projekt meine Skills  beim Erstellen\/Bearbeiten von Vektor-Grafiken massiv pushen k\u00f6nnen.<\/em><\/p>\n\n\n\n<p class=\"has-text-align-center\"><span class=\"has-inline-color has-white-color\">Hidden Text: &#8222;Was habt ihr erwartet?&#8220;<\/span><\/p>\n","protected":false},"excerpt":{"rendered":"<p>_ [ Zur\u00fcck zur Galerie ] _ Mit dem Kreuzwortr\u00e4tsel (siehe NG054) waren meine CorelDraw-Spielereien noch lange nicht zu Ende. Ich habe auch einen Jahresplaner f\u00fcr 2008 erstellt. Wieder ohne Generator, denn warum nicht mal wieder einfach so das Rad neu erfinden. Das einzige Problem an der Sache war blo\u00df das man mit den druckfertig &hellip; <\/p>\n<p class=\"link-more\"><a href=\"http:\/\/www.acidpool.at\/005_wordpress\/index.php\/nichtgruftig-at\/ng055\/\" class=\"more-link\"><span class=\"screen-reader-text\">\u201eNichtGruftig.at 055 &#8211; Merry X-Mess all together :-)\u201c <\/span>weiterlesen<\/a><\/p>\n","protected":false},"author":1,"featured_media":0,"parent":499,"menu_order":55,"comment_status":"open","ping_status":"closed","template":"","meta":{"footnotes":""},"class_list":["post-1348","page","type-page","status-publish","hentry"],"_links":{"self":[{"href":"http:\/\/www.acidpool.at\/005_wordpress\/index.php\/wp-json\/wp\/v2\/pages\/1348","targetHints":{"allow":["GET"]}}],"collection":[{"href":"http:\/\/www.acidpool.at\/005_wordpress\/index.php\/wp-json\/wp\/v2\/pages"}],"about":[{"href":"http:\/\/www.acidpool.at\/005_wordpress\/index.php\/wp-json\/wp\/v2\/types\/page"}],"author":[{"embeddable":true,"href":"http:\/\/www.acidpool.at\/005_wordpress\/index.php\/wp-json\/wp\/v2\/users\/1"}],"replies":[{"embeddable":true,"href":"http:\/\/www.acidpool.at\/005_wordpress\/index.php\/wp-json\/wp\/v2\/comments?post=1348"}],"version-history":[{"count":5,"href":"http:\/\/www.acidpool.at\/005_wordpress\/index.php\/wp-json\/wp\/v2\/pages\/1348\/revisions"}],"predecessor-version":[{"id":1617,"href":"http:\/\/www.acidpool.at\/005_wordpress\/index.php\/wp-json\/wp\/v2\/pages\/1348\/revisions\/1617"}],"up":[{"embeddable":true,"href":"http:\/\/www.acidpool.at\/005_wordpress\/index.php\/wp-json\/wp\/v2\/pages\/499"}],"wp:attachment":[{"href":"http:\/\/www.acidpool.at\/005_wordpress\/index.php\/wp-json\/wp\/v2\/media?parent=1348"}],"curies":[{"name":"wp","href":"https:\/\/api.w.org\/{rel}","templated":true}]}}