{"id":1342,"date":"2021-10-18T09:47:11","date_gmt":"2021-10-18T07:47:11","guid":{"rendered":"http:\/\/www.acidpool.at\/005_wordpress\/?page_id=1342"},"modified":"2021-10-28T18:09:45","modified_gmt":"2021-10-28T16:09:45","slug":"ng052","status":"publish","type":"page","link":"http:\/\/www.acidpool.at\/005_wordpress\/index.php\/nichtgruftig-at\/ng052\/","title":{"rendered":"NichtGruftig.at 052 &#8211; Styling ist alles."},"content":{"rendered":"\n<div class=\"wp-block-image\"><figure class=\"aligncenter size-full\"><a href=\"http:\/\/www.acidpool.at\/005_wordpress\/index.php\/nichtgruftig-at\/ng053\/\"><img loading=\"lazy\" decoding=\"async\" width=\"450\" height=\"380\" src=\"http:\/\/www.acidpool.at\/005_wordpress\/wp-content\/uploads\/2019\/05\/ng052_450x380.jpg\" alt=\"\" class=\"wp-image-1003\" srcset=\"http:\/\/www.acidpool.at\/005_wordpress\/wp-content\/uploads\/2019\/05\/ng052_450x380.jpg 450w, http:\/\/www.acidpool.at\/005_wordpress\/wp-content\/uploads\/2019\/05\/ng052_450x380-300x253.jpg 300w\" sizes=\"auto, (max-width: 450px) 100vw, 450px\" \/><\/a><\/figure><\/div>\n\n\n\n<p class=\"has-text-align-center\">   <a href=\"http:\/\/www.acidpool.at\/005_wordpress\/index.php\/nichtgruftig-at\/ng000\/\" data-type=\"page\" data-id=\"923\"><img loading=\"lazy\" decoding=\"async\" width=\"15\" height=\"11\" class=\"wp-image-927\" style=\"width: 15px;\" src=\"http:\/\/www.acidpool.at\/005_wordpress\/wp-content\/uploads\/2019\/05\/pfeilanfang.jpg\" alt=\"\"><\/a>  <a href=\"http:\/\/www.acidpool.at\/005_wordpress\/index.php\/nichtgruftig-at\/ng051\/\" data-type=\"page\" data-id=\"1340\"><img loading=\"lazy\" decoding=\"async\" width=\"33\" height=\"11\" class=\"wp-image-928\" style=\"width: 33px;\" src=\"http:\/\/www.acidpool.at\/005_wordpress\/wp-content\/uploads\/2019\/05\/pfeillinks.jpg\" alt=\"\"><\/a>  <span class=\"has-inline-color has-white-color\">_<\/span> [ <a href=\"http:\/\/www.acidpool.at\/005_wordpress\/index.php\/nichtgruftig-at\/\" data-type=\"page\" data-id=\"499\">Zur\u00fcck zur Galerie<\/a> ] <span class=\"has-inline-color has-white-color\">_<\/span>  <a href=\"http:\/\/www.acidpool.at\/005_wordpress\/index.php\/nichtgruftig-at\/ng053\/\" data-type=\"page\" data-id=\"1344\"><img loading=\"lazy\" decoding=\"async\" width=\"33\" height=\"11\" class=\"wp-image-929\" style=\"width: 33px;\" src=\"http:\/\/www.acidpool.at\/005_wordpress\/wp-content\/uploads\/2019\/05\/pfeilrechts.jpg\" alt=\"\"><\/a>  <a href=\"http:\/\/www.acidpool.at\/005_wordpress\/index.php\/nichtgruftig-at\/ng095\/\" data-type=\"page\" data-id=\"1442\"><img loading=\"lazy\" decoding=\"async\" width=\"15\" height=\"11\" class=\"wp-image-930\" style=\"width: 15px;\" src=\"http:\/\/www.acidpool.at\/005_wordpress\/wp-content\/uploads\/2019\/05\/pfeilende.jpg\" alt=\"\"><\/a>   <\/p>\n\n\n\n<p class=\"has-text-align-center\"><em>Die Vorlage zu diesem Bild rannte echt den gesamten Abend lang mit schr\u00e4g gehaltenem Kopf herum damit die Frisur einem Undercut m\u00f6glichst \u00e4hnlich sah. Das war schon beinahe bemerkenswertes Durchhalteverm\u00f6gen.<\/em><\/p>\n\n\n\n<p class=\"has-text-align-center\"><span class=\"has-inline-color has-white-color\">Hidden Text: &#8222;Der Typ rannte echt den ganzen Abend lang mit schiefem Kopf herum&#8230;&#8220;<\/span><\/p>\n","protected":false},"excerpt":{"rendered":"<p>_ [ Zur\u00fcck zur Galerie ] _ Die Vorlage zu diesem Bild rannte echt den gesamten Abend lang mit schr\u00e4g gehaltenem Kopf herum damit die Frisur einem Undercut m\u00f6glichst \u00e4hnlich sah. Das war schon beinahe bemerkenswertes Durchhalteverm\u00f6gen. Hidden Text: &#8222;Der Typ rannte echt den ganzen Abend lang mit schiefem Kopf herum&#8230;&#8220;<\/p>\n","protected":false},"author":1,"featured_media":0,"parent":499,"menu_order":52,"comment_status":"open","ping_status":"closed","template":"","meta":{"footnotes":""},"class_list":["post-1342","page","type-page","status-publish","hentry"],"_links":{"self":[{"href":"http:\/\/www.acidpool.at\/005_wordpress\/index.php\/wp-json\/wp\/v2\/pages\/1342","targetHints":{"allow":["GET"]}}],"collection":[{"href":"http:\/\/www.acidpool.at\/005_wordpress\/index.php\/wp-json\/wp\/v2\/pages"}],"about":[{"href":"http:\/\/www.acidpool.at\/005_wordpress\/index.php\/wp-json\/wp\/v2\/types\/page"}],"author":[{"embeddable":true,"href":"http:\/\/www.acidpool.at\/005_wordpress\/index.php\/wp-json\/wp\/v2\/users\/1"}],"replies":[{"embeddable":true,"href":"http:\/\/www.acidpool.at\/005_wordpress\/index.php\/wp-json\/wp\/v2\/comments?post=1342"}],"version-history":[{"count":3,"href":"http:\/\/www.acidpool.at\/005_wordpress\/index.php\/wp-json\/wp\/v2\/pages\/1342\/revisions"}],"predecessor-version":[{"id":1614,"href":"http:\/\/www.acidpool.at\/005_wordpress\/index.php\/wp-json\/wp\/v2\/pages\/1342\/revisions\/1614"}],"up":[{"embeddable":true,"href":"http:\/\/www.acidpool.at\/005_wordpress\/index.php\/wp-json\/wp\/v2\/pages\/499"}],"wp:attachment":[{"href":"http:\/\/www.acidpool.at\/005_wordpress\/index.php\/wp-json\/wp\/v2\/media?parent=1342"}],"curies":[{"name":"wp","href":"https:\/\/api.w.org\/{rel}","templated":true}]}}