{"id":1330,"date":"2021-10-18T08:52:15","date_gmt":"2021-10-18T06:52:15","guid":{"rendered":"http:\/\/www.acidpool.at\/005_wordpress\/?page_id=1330"},"modified":"2022-09-26T12:24:02","modified_gmt":"2022-09-26T10:24:02","slug":"ng046","status":"publish","type":"page","link":"http:\/\/www.acidpool.at\/005_wordpress\/index.php\/nichtgruftig-at\/ng046\/","title":{"rendered":"NichtGruftig.at 046 &#8211; Happy B-day to me&#8230;"},"content":{"rendered":"<div class=\"wp-block-image\">\n<figure class=\"aligncenter size-full\"><img loading=\"lazy\" decoding=\"async\" width=\"450\" height=\"450\" src=\"http:\/\/www.acidpool.at\/005_wordpress\/wp-content\/uploads\/2022\/09\/ng046_450x450.jpg\" alt=\"\" class=\"wp-image-1726\" srcset=\"http:\/\/www.acidpool.at\/005_wordpress\/wp-content\/uploads\/2022\/09\/ng046_450x450.jpg 450w, http:\/\/www.acidpool.at\/005_wordpress\/wp-content\/uploads\/2022\/09\/ng046_450x450-300x300.jpg 300w, http:\/\/www.acidpool.at\/005_wordpress\/wp-content\/uploads\/2022\/09\/ng046_450x450-150x150.jpg 150w, http:\/\/www.acidpool.at\/005_wordpress\/wp-content\/uploads\/2022\/09\/ng046_450x450-100x100.jpg 100w\" sizes=\"auto, (max-width: 450px) 100vw, 450px\" \/><\/figure>\n<\/div>\n\n\n<p class=\"has-text-align-center\">   <a href=\"http:\/\/www.acidpool.at\/005_wordpress\/index.php\/nichtgruftig-at\/ng000\/\" data-type=\"page\" data-id=\"923\"><img loading=\"lazy\" decoding=\"async\" width=\"15\" height=\"11\" class=\"wp-image-927\" style=\"width: 15px;\" src=\"http:\/\/www.acidpool.at\/005_wordpress\/wp-content\/uploads\/2019\/05\/pfeilanfang.jpg\" alt=\"\"><\/a>  <a href=\"http:\/\/www.acidpool.at\/005_wordpress\/index.php\/nichtgruftig-at\/ng045\/\" data-type=\"page\" data-id=\"1326\"><img loading=\"lazy\" decoding=\"async\" width=\"33\" height=\"11\" class=\"wp-image-928\" style=\"width: 33px;\" src=\"http:\/\/www.acidpool.at\/005_wordpress\/wp-content\/uploads\/2019\/05\/pfeillinks.jpg\" alt=\"\"><\/a>  <span class=\"has-inline-color has-white-color\">_<\/span> [ <a href=\"http:\/\/www.acidpool.at\/005_wordpress\/index.php\/nichtgruftig-at\/\" data-type=\"page\" data-id=\"499\">Zur\u00fcck zur Galerie<\/a> ] <span class=\"has-inline-color has-white-color\">_<\/span>  <a href=\"http:\/\/www.acidpool.at\/005_wordpress\/index.php\/nichtgruftig-at\/ng047\/\" data-type=\"page\" data-id=\"1332\"><img loading=\"lazy\" decoding=\"async\" width=\"33\" height=\"11\" class=\"wp-image-929\" style=\"width: 33px;\" src=\"http:\/\/www.acidpool.at\/005_wordpress\/wp-content\/uploads\/2019\/05\/pfeilrechts.jpg\" alt=\"\"><\/a>  <a href=\"http:\/\/www.acidpool.at\/005_wordpress\/index.php\/nichtgruftig-at\/ng095\/\" data-type=\"page\" data-id=\"1442\"><img loading=\"lazy\" decoding=\"async\" width=\"15\" height=\"11\" class=\"wp-image-930\" style=\"width: 15px;\" src=\"http:\/\/www.acidpool.at\/005_wordpress\/wp-content\/uploads\/2019\/05\/pfeilende.jpg\" alt=\"\"><\/a>   <\/p>\n\n\n\n<p class=\"has-text-align-center\"><em>Dieses Bild entstand bei der \u00dcberlegung wie wohl die Geburtstagsfeier eines uber-trven Supergoths aussehen w\u00fcrde. Gesetz dies Falles das ein solcher so konformisitische Dinge  wie Geburtstage \u00fcberhaupt in sein Leben l\u00e4sst.<\/em><\/p>\n\n\n\n<p class=\"has-text-align-center\"><mark style=\"background-color:rgba(0, 0, 0, 0)\" class=\"has-inline-color has-white-color\">Hidden Text: &#8222;Auch wenn es fast total ignoriert worden ist :-p&#8220;<\/mark><\/p>\n","protected":false},"excerpt":{"rendered":"<p>_ [ Zur\u00fcck zur Galerie ] _ Dieses Bild entstand bei der \u00dcberlegung wie wohl die Geburtstagsfeier eines uber-trven Supergoths aussehen w\u00fcrde. Gesetz dies Falles das ein solcher so konformisitische Dinge wie Geburtstage \u00fcberhaupt in sein Leben l\u00e4sst. Hidden Text: &#8222;Auch wenn es fast total ignoriert worden ist :-p&#8220;<\/p>\n","protected":false},"author":1,"featured_media":0,"parent":499,"menu_order":46,"comment_status":"open","ping_status":"closed","template":"","meta":{"footnotes":""},"class_list":["post-1330","page","type-page","status-publish","hentry"],"_links":{"self":[{"href":"http:\/\/www.acidpool.at\/005_wordpress\/index.php\/wp-json\/wp\/v2\/pages\/1330","targetHints":{"allow":["GET"]}}],"collection":[{"href":"http:\/\/www.acidpool.at\/005_wordpress\/index.php\/wp-json\/wp\/v2\/pages"}],"about":[{"href":"http:\/\/www.acidpool.at\/005_wordpress\/index.php\/wp-json\/wp\/v2\/types\/page"}],"author":[{"embeddable":true,"href":"http:\/\/www.acidpool.at\/005_wordpress\/index.php\/wp-json\/wp\/v2\/users\/1"}],"replies":[{"embeddable":true,"href":"http:\/\/www.acidpool.at\/005_wordpress\/index.php\/wp-json\/wp\/v2\/comments?post=1330"}],"version-history":[{"count":4,"href":"http:\/\/www.acidpool.at\/005_wordpress\/index.php\/wp-json\/wp\/v2\/pages\/1330\/revisions"}],"predecessor-version":[{"id":1727,"href":"http:\/\/www.acidpool.at\/005_wordpress\/index.php\/wp-json\/wp\/v2\/pages\/1330\/revisions\/1727"}],"up":[{"embeddable":true,"href":"http:\/\/www.acidpool.at\/005_wordpress\/index.php\/wp-json\/wp\/v2\/pages\/499"}],"wp:attachment":[{"href":"http:\/\/www.acidpool.at\/005_wordpress\/index.php\/wp-json\/wp\/v2\/media?parent=1330"}],"curies":[{"name":"wp","href":"https:\/\/api.w.org\/{rel}","templated":true}]}}