{"id":1271,"date":"2021-10-13T21:17:55","date_gmt":"2021-10-13T19:17:55","guid":{"rendered":"http:\/\/www.acidpool.at\/005_wordpress\/?page_id=1271"},"modified":"2021-10-28T15:44:14","modified_gmt":"2021-10-28T13:44:14","slug":"ng020","status":"publish","type":"page","link":"http:\/\/www.acidpool.at\/005_wordpress\/index.php\/nichtgruftig-at\/ng020\/","title":{"rendered":"NichtGruftig.at 020 &#8211; Zum ersten Mal geh\u00f6rt von Leo."},"content":{"rendered":"\n<div class=\"wp-block-image\"><figure class=\"aligncenter size-full\"><a href=\"http:\/\/www.acidpool.at\/005_wordpress\/index.php\/nichtgruftig-at\/ng021\/\"><img loading=\"lazy\" decoding=\"async\" width=\"450\" height=\"380\" src=\"http:\/\/www.acidpool.at\/005_wordpress\/wp-content\/uploads\/2019\/05\/ng020_450x380.jpg\" alt=\"\" class=\"wp-image-971\" srcset=\"http:\/\/www.acidpool.at\/005_wordpress\/wp-content\/uploads\/2019\/05\/ng020_450x380.jpg 450w, http:\/\/www.acidpool.at\/005_wordpress\/wp-content\/uploads\/2019\/05\/ng020_450x380-300x253.jpg 300w\" sizes=\"auto, (max-width: 450px) 100vw, 450px\" \/><\/a><\/figure><\/div>\n\n\n\n<p class=\"has-text-align-center\">   <a href=\"http:\/\/www.acidpool.at\/005_wordpress\/index.php\/nichtgruftig-at\/ng000\/\" data-type=\"page\" data-id=\"923\"><img loading=\"lazy\" decoding=\"async\" width=\"15\" height=\"11\" class=\"wp-image-927\" style=\"width: 15px;\" src=\"http:\/\/www.acidpool.at\/005_wordpress\/wp-content\/uploads\/2019\/05\/pfeilanfang.jpg\" alt=\"\"><\/a>  <a href=\"http:\/\/www.acidpool.at\/005_wordpress\/index.php\/nichtgruftig-at\/ng019\/\" data-type=\"page\" data-id=\"1269\"><img loading=\"lazy\" decoding=\"async\" width=\"33\" height=\"11\" class=\"wp-image-928\" style=\"width: 33px;\" src=\"http:\/\/www.acidpool.at\/005_wordpress\/wp-content\/uploads\/2019\/05\/pfeillinks.jpg\" alt=\"\"><\/a>  <span class=\"has-inline-color has-white-color\">_<\/span> [ <a href=\"http:\/\/www.acidpool.at\/005_wordpress\/index.php\/nichtgruftig-at\/\" data-type=\"page\" data-id=\"499\">Zur\u00fcck zur Galerie<\/a> ] <span class=\"has-inline-color has-white-color\">_<\/span>  <a href=\"http:\/\/www.acidpool.at\/005_wordpress\/index.php\/nichtgruftig-at\/ng021\/\" data-type=\"page\" data-id=\"1273\"><img loading=\"lazy\" decoding=\"async\" width=\"33\" height=\"11\" class=\"wp-image-929\" style=\"width: 33px;\" src=\"http:\/\/www.acidpool.at\/005_wordpress\/wp-content\/uploads\/2019\/05\/pfeilrechts.jpg\" alt=\"\"><\/a>  <a href=\"http:\/\/www.acidpool.at\/005_wordpress\/index.php\/nichtgruftig-at\/ng095\/\" data-type=\"page\" data-id=\"1442\"><img loading=\"lazy\" decoding=\"async\" width=\"15\" height=\"11\" class=\"wp-image-930\" style=\"width: 15px;\" src=\"http:\/\/www.acidpool.at\/005_wordpress\/wp-content\/uploads\/2019\/05\/pfeilende.jpg\" alt=\"\"><\/a>   <\/p>\n\n\n\n<p class=\"has-text-align-center\"><em>\u00dcberraschenderweise war das direkte Feedback hierzu positiver als erwartet. Wobei, nachdem ich eigentlich nie die Umgebung von Mimosen sondern von Leuten die Spa\u00df verstehen und sowohl austeilen als auch einstecken k\u00f6nnen gesucht habe, h\u00e4tte es mich gar nicht sooo wundern sollen.<\/em><\/p>\n\n\n\n<p class=\"has-text-align-center\"><span class=\"has-inline-color has-white-color\">Hidden Text: &#8222;Ich find ihn lustig &#8230; und das ist meine Seite &#8230; also SCHWEIGT!&#8220;<\/span><\/p>\n","protected":false},"excerpt":{"rendered":"<p>_ [ Zur\u00fcck zur Galerie ] _ \u00dcberraschenderweise war das direkte Feedback hierzu positiver als erwartet. Wobei, nachdem ich eigentlich nie die Umgebung von Mimosen sondern von Leuten die Spa\u00df verstehen und sowohl austeilen als auch einstecken k\u00f6nnen gesucht habe, h\u00e4tte es mich gar nicht sooo wundern sollen. Hidden Text: &#8222;Ich find ihn lustig &#8230; &hellip; <\/p>\n<p class=\"link-more\"><a href=\"http:\/\/www.acidpool.at\/005_wordpress\/index.php\/nichtgruftig-at\/ng020\/\" class=\"more-link\"><span class=\"screen-reader-text\">\u201eNichtGruftig.at 020 &#8211; Zum ersten Mal geh\u00f6rt von Leo.\u201c <\/span>weiterlesen<\/a><\/p>\n","protected":false},"author":1,"featured_media":0,"parent":499,"menu_order":20,"comment_status":"open","ping_status":"closed","template":"","meta":{"footnotes":""},"class_list":["post-1271","page","type-page","status-publish","hentry"],"_links":{"self":[{"href":"http:\/\/www.acidpool.at\/005_wordpress\/index.php\/wp-json\/wp\/v2\/pages\/1271","targetHints":{"allow":["GET"]}}],"collection":[{"href":"http:\/\/www.acidpool.at\/005_wordpress\/index.php\/wp-json\/wp\/v2\/pages"}],"about":[{"href":"http:\/\/www.acidpool.at\/005_wordpress\/index.php\/wp-json\/wp\/v2\/types\/page"}],"author":[{"embeddable":true,"href":"http:\/\/www.acidpool.at\/005_wordpress\/index.php\/wp-json\/wp\/v2\/users\/1"}],"replies":[{"embeddable":true,"href":"http:\/\/www.acidpool.at\/005_wordpress\/index.php\/wp-json\/wp\/v2\/comments?post=1271"}],"version-history":[{"count":3,"href":"http:\/\/www.acidpool.at\/005_wordpress\/index.php\/wp-json\/wp\/v2\/pages\/1271\/revisions"}],"predecessor-version":[{"id":1582,"href":"http:\/\/www.acidpool.at\/005_wordpress\/index.php\/wp-json\/wp\/v2\/pages\/1271\/revisions\/1582"}],"up":[{"embeddable":true,"href":"http:\/\/www.acidpool.at\/005_wordpress\/index.php\/wp-json\/wp\/v2\/pages\/499"}],"wp:attachment":[{"href":"http:\/\/www.acidpool.at\/005_wordpress\/index.php\/wp-json\/wp\/v2\/media?parent=1271"}],"curies":[{"name":"wp","href":"https:\/\/api.w.org\/{rel}","templated":true}]}}